{"id":7249,"date":"2020-03-23T02:00:39","date_gmt":"2020-03-23T02:00:39","guid":{"rendered":"https:\/\/www.gavias-theme.com\/wp\/codesk\/?page_id=7249"},"modified":"2024-09-19T13:23:19","modified_gmt":"2024-09-19T13:23:19","slug":"que-es-discover-cit","status":"publish","type":"page","link":"https:\/\/discovercit.org\/index.php\/que-es-discover-cit\/","title":{"rendered":"Que es Discover Cit"},"content":{"rendered":"\t\t<div data-elementor-type=\"wp-page\" data-elementor-id=\"7249\" class=\"elementor elementor-7249\">\n\t\t\t\t\t\t<section class=\"elementor-section elementor-top-section elementor-element elementor-element-7d7e4c46 elementor-section-boxed elementor-section-height-default elementor-section-height-default\" data-id=\"7d7e4c46\" data-element_type=\"section\">\n\t\t\t\t\t\t<div class=\"elementor-container elementor-column-gap-default\">\n\t\t\t\t\t<div class=\"elementor-column elementor-col-50 elementor-top-column elementor-element elementor-element-4face3bd column-style-top\" data-id=\"4face3bd\" data-element_type=\"column\">\n\t\t\t<div class=\"elementor-widget-wrap elementor-element-populated\">\n\t\t\t\t\t\t<div class=\"elementor-element elementor-element-5d97acfa elementor-widget__width-initial elementor-widget elementor-widget-gva-heading-block\" data-id=\"5d97acfa\" data-element_type=\"widget\" data-widget_type=\"gva-heading-block.default\">\n\t\t\t\t<div class=\"elementor-widget-container\">\n\t\t\t<div class=\"gva-element-gva-heading-block gva-element\">   <div class=\"align-left style-1 widget gsc-heading\">\r\n      <div class=\"content-inner\">\r\n         \r\n                  \r\n           \r\n         \r\n                     <h2 class=\"title\">\r\n               <span>\u00bfQU\u00c9 ES DISCOVER CIT?<\/span>\r\n            <\/h2>\r\n                  \r\n         \r\n      <\/div>\r\n   <\/div>\r\n   <div class=\"clearfix\"><\/div>\r\n<\/div>\t\t<\/div>\n\t\t\t\t<\/div>\n\t\t\t\t<div class=\"elementor-element elementor-element-7837488 elementor-widget elementor-widget-text-editor\" data-id=\"7837488\" data-element_type=\"widget\" data-widget_type=\"text-editor.default\">\n\t\t\t\t<div class=\"elementor-widget-container\">\n\t\t\t<style>\/*! elementor - v3.22.0 - 24-06-2024 *\/\n.elementor-widget-text-editor.elementor-drop-cap-view-stacked .elementor-drop-cap{background-color:#69727d;color:#fff}.elementor-widget-text-editor.elementor-drop-cap-view-framed .elementor-drop-cap{color:#69727d;border:3px solid;background-color:transparent}.elementor-widget-text-editor:not(.elementor-drop-cap-view-default) .elementor-drop-cap{margin-top:8px}.elementor-widget-text-editor:not(.elementor-drop-cap-view-default) .elementor-drop-cap-letter{width:1em;height:1em}.elementor-widget-text-editor .elementor-drop-cap{float:left;text-align:center;line-height:1;font-size:50px}.elementor-widget-text-editor .elementor-drop-cap-letter{display:inline-block}<\/style>\t\t\t\t<p>Consolidado como el evento m\u00e1s importante del TURISMO del Ecuador en la actualidad cuenta con la participaci\u00f3n de toda la industria tur\u00edstica del pa\u00eds en los diferentes sectores.<\/p><p><span style=\"font-weight: 400;\">Consolidado como el evento m\u00e1s importante del TURISMO del Ecuador en la actualidad cuenta con la participaci\u00f3n de toda la industria tur\u00edstica del pa\u00eds en todos los diferentes sectores.<\/span><\/p><p><span style=\"font-weight: 400;\">Evento que se realizar\u00e1 por VI Edici\u00f3n y cuenta con el apoyo y el aval de instituciones p\u00fablicas, privadas y del gobierno Ecuatoriano que coloca este evento como el punto de encuentro y vitrina tur\u00edstica m\u00e1s grande y trascendente en el Ecuador.<\/span><\/p><p><span style=\"font-weight: 400;\">Este 2024, abrimos nuestras puertas para todo el pa\u00eds y damos apertura a la participaci\u00f3n de empresas p\u00fablicas, privadas y destinos nacionales e internacionales espacios gastron\u00f3micos y<\/span><\/p><p><span style=\"font-weight: 400;\">artesanales que encuentren en el Ecuador un importante mercado de promoci\u00f3n y venta. Creando un punto de encuentro, confraternidad, unificaci\u00f3n y fortalecimiento del sector tur\u00edstico y unir lazos comerciales de mutuo beneficio<\/span><\/p><p><span style=\"font-weight: 400;\">para el sector. Discover CIT Am\u00e9rica es un EVENTO INTEGRAL que re\u00fane a todos los<\/span><\/p><p><span style=\"font-weight: 400;\">sectores tur\u00edsitcos ,acad\u00e9micos, comerciales, culturales, p\u00fablicos y privados a trav\u00e9s de sus diferentes actividades.<\/span><\/p><p>Este 2023, nos internacionalizamos y damos apertura a la participaci\u00f3n de empresas p\u00fablicas, privadas y destinos internacionales que encuentren en el Ecuador un importante mercado de promoci\u00f3n y venta, y un punto de confraternidad, unificaci\u00f3n y fortalecimiento del sector tur\u00edstico latinoamericano y unir lazos comerciales de mutuo beneficio para el sector.<\/p><p>Discover CIT Am\u00e9rica es un EVENTO INTEGRAL que re\u00fane a todos los sectores acad\u00e9mico, comercial, social,p\u00fablico y privado a trav\u00e9s de sus diferentes actividades.<\/p>\t\t\t\t\t\t<\/div>\n\t\t\t\t<\/div>\n\t\t\t\t\t<\/div>\n\t\t<\/div>\n\t\t\t\t<div class=\"elementor-column elementor-col-50 elementor-top-column elementor-element elementor-element-32cb3f8a column-style-top\" data-id=\"32cb3f8a\" data-element_type=\"column\">\n\t\t\t<div class=\"elementor-widget-wrap elementor-element-populated\">\n\t\t\t\t\t\t<section class=\"elementor-section elementor-inner-section elementor-element elementor-element-19a7c9df elementor-section-boxed elementor-section-height-default elementor-section-height-default\" data-id=\"19a7c9df\" data-element_type=\"section\">\n\t\t\t\t\t\t<div class=\"elementor-container elementor-column-gap-default\">\n\t\t\t\t\t<div class=\"elementor-column elementor-col-100 elementor-inner-column elementor-element elementor-element-7d0041ff column-style-top\" data-id=\"7d0041ff\" data-element_type=\"column\">\n\t\t\t<div class=\"elementor-widget-wrap elementor-element-populated\">\n\t\t\t\t\t\t<div class=\"elementor-element elementor-element-e414223 elementor-widget elementor-widget-image\" data-id=\"e414223\" data-element_type=\"widget\" data-widget_type=\"image.default\">\n\t\t\t\t<div class=\"elementor-widget-container\">\n\t\t\t<style>\/*! elementor - v3.22.0 - 24-06-2024 *\/\n.elementor-widget-image{text-align:center}.elementor-widget-image a{display:inline-block}.elementor-widget-image a img[src$=\".svg\"]{width:48px}.elementor-widget-image img{vertical-align:middle;display:inline-block}<\/style>\t\t\t\t\t\t\t\t\t\t<img fetchpriority=\"high\" decoding=\"async\" width=\"1080\" height=\"499\" src=\"https:\/\/discovercit.org\/wp-content\/uploads\/2024\/09\/logo-discover-horizontal.png\" class=\"attachment-full size-full wp-image-11830\" alt=\"\" \/>\t\t\t\t\t\t\t\t\t\t\t\t\t<\/div>\n\t\t\t\t<\/div>\n\t\t\t\t\t<\/div>\n\t\t<\/div>\n\t\t\t\t\t<\/div>\n\t\t<\/section>\n\t\t\t\t<div class=\"elementor-element elementor-element-6e65b31a elementor-widget elementor-widget-video\" data-id=\"6e65b31a\" data-element_type=\"widget\" data-settings=\"{&quot;youtube_url&quot;:&quot;https:\\\/\\\/youtu.be\\\/HfY2PoRV1t8?si=Xf7hwAxYNyLItQns&quot;,&quot;video_type&quot;:&quot;youtube&quot;,&quot;controls&quot;:&quot;yes&quot;}\" data-widget_type=\"video.default\">\n\t\t\t\t<div class=\"elementor-widget-container\">\n\t\t\t<style>\/*! elementor - v3.22.0 - 24-06-2024 *\/\n.elementor-widget-video .elementor-widget-container{overflow:hidden;transform:translateZ(0)}.elementor-widget-video .elementor-wrapper{aspect-ratio:var(--video-aspect-ratio)}.elementor-widget-video .elementor-wrapper iframe,.elementor-widget-video .elementor-wrapper video{height:100%;width:100%;display:flex;border:none;background-color:#000}@supports not (aspect-ratio:1\/1){.elementor-widget-video .elementor-wrapper{position:relative;overflow:hidden;height:0;padding-bottom:calc(100% \/ var(--video-aspect-ratio))}.elementor-widget-video .elementor-wrapper iframe,.elementor-widget-video .elementor-wrapper video{position:absolute;top:0;right:0;bottom:0;left:0}}.elementor-widget-video .elementor-open-inline .elementor-custom-embed-image-overlay{position:absolute;top:0;right:0;bottom:0;left:0;background-size:cover;background-position:50%}.elementor-widget-video .elementor-custom-embed-image-overlay{cursor:pointer;text-align:center}.elementor-widget-video .elementor-custom-embed-image-overlay:hover .elementor-custom-embed-play i{opacity:1}.elementor-widget-video .elementor-custom-embed-image-overlay img{display:block;width:100%;aspect-ratio:var(--video-aspect-ratio);-o-object-fit:cover;object-fit:cover;-o-object-position:center center;object-position:center center}@supports not (aspect-ratio:1\/1){.elementor-widget-video .elementor-custom-embed-image-overlay{position:relative;overflow:hidden;height:0;padding-bottom:calc(100% \/ var(--video-aspect-ratio))}.elementor-widget-video .elementor-custom-embed-image-overlay img{position:absolute;top:0;right:0;bottom:0;left:0}}.elementor-widget-video .e-hosted-video .elementor-video{-o-object-fit:cover;object-fit:cover}.e-con-inner>.elementor-widget-video,.e-con>.elementor-widget-video{width:var(--container-widget-width);--flex-grow:var(--container-widget-flex-grow)}<\/style>\t\t<div class=\"elementor-wrapper elementor-open-inline\">\n\t\t\t<div class=\"elementor-video\"><\/div>\t\t<\/div>\n\t\t\t\t<\/div>\n\t\t\t\t<\/div>\n\t\t\t\t<div class=\"elementor-element elementor-element-78fc3f2 elementor-widget elementor-widget-image\" data-id=\"78fc3f2\" data-element_type=\"widget\" data-widget_type=\"image.default\">\n\t\t\t\t<div class=\"elementor-widget-container\">\n\t\t\t\t\t\t\t\t\t\t\t\t\t\t<a href=\"https:\/\/drive.google.com\/file\/d\/1-Xb2T_QzkGY3gQSRVfgAJRMXASb6JvWq\/view?usp=sharing\">\n\t\t\t\t\t\t\t<img decoding=\"async\" width=\"353\" height=\"86\" src=\"https:\/\/discovercit.org\/wp-content\/uploads\/2023\/07\/BOTON-PRESENTACION-ACTUALIZADO.png\" class=\"attachment-medium_large size-medium_large wp-image-11111\" alt=\"\" \/>\t\t\t\t\t\t\t\t<\/a>\n\t\t\t\t\t\t\t\t\t\t\t\t\t<\/div>\n\t\t\t\t<\/div>\n\t\t\t\t<div class=\"elementor-element elementor-element-9e582b2 elementor-widget elementor-widget-image\" data-id=\"9e582b2\" data-element_type=\"widget\" data-widget_type=\"image.default\">\n\t\t\t\t<div class=\"elementor-widget-container\">\n\t\t\t\t\t\t\t\t\t\t\t\t\t\t<a href=\"https:\/\/drive.google.com\/file\/d\/1e9JfA0gbCWKKszXJ8GGmDGdmvm8fgJXo\/view?usp=sharing\">\n\t\t\t\t\t\t\t<img decoding=\"async\" width=\"353\" height=\"85\" src=\"https:\/\/discovercit.org\/wp-content\/uploads\/2023\/07\/BOTON-AGENDA.png\" class=\"attachment-large size-large wp-image-11113\" alt=\"\" \/>\t\t\t\t\t\t\t\t<\/a>\n\t\t\t\t\t\t\t\t\t\t\t\t\t<\/div>\n\t\t\t\t<\/div>\n\t\t\t\t<div class=\"elementor-element elementor-element-95e7064 elementor-widget elementor-widget-image\" data-id=\"95e7064\" data-element_type=\"widget\" data-widget_type=\"image.default\">\n\t\t\t\t<div class=\"elementor-widget-container\">\n\t\t\t\t\t\t\t\t\t\t\t\t\t\t<a href=\"https:\/\/discovercit.org\/index.php\/actividades\/\">\n\t\t\t\t\t\t\t<img loading=\"lazy\" decoding=\"async\" width=\"354\" height=\"85\" src=\"https:\/\/discovercit.org\/wp-content\/uploads\/2023\/07\/BOTON-ACTIVIDADES.png\" class=\"attachment-medium size-medium wp-image-11114\" alt=\"\" \/>\t\t\t\t\t\t\t\t<\/a>\n\t\t\t\t\t\t\t\t\t\t\t\t\t<\/div>\n\t\t\t\t<\/div>\n\t\t\t\t<div class=\"elementor-element elementor-element-39051c3 elementor-widget elementor-widget-image\" data-id=\"39051c3\" data-element_type=\"widget\" data-widget_type=\"image.default\">\n\t\t\t\t<div class=\"elementor-widget-container\">\n\t\t\t\t\t\t\t\t\t\t\t\t\t\t<a href=\"https:\/\/drive.google.com\/file\/d\/1y-haFC5zNsFcwZFoeSAhW77aS0igjRQE\/view?usp=sharing\">\n\t\t\t\t\t\t\t<img loading=\"lazy\" decoding=\"async\" width=\"353\" height=\"85\" src=\"https:\/\/discovercit.org\/wp-content\/uploads\/2023\/07\/BOTON-TIPOS-DE-PARTICIPACION.png\" class=\"attachment-large size-large wp-image-11109\" alt=\"\" \/>\t\t\t\t\t\t\t\t<\/a>\n\t\t\t\t\t\t\t\t\t\t\t\t\t<\/div>\n\t\t\t\t<\/div>\n\t\t\t\t<div class=\"elementor-element elementor-element-fd3edbe elementor-widget elementor-widget-image\" data-id=\"fd3edbe\" data-element_type=\"widget\" data-widget_type=\"image.default\">\n\t\t\t\t<div class=\"elementor-widget-container\">\n\t\t\t\t\t\t\t\t\t\t\t\t\t\t<a href=\"https:\/\/drive.google.com\/file\/d\/1BKcA6VNJfx-sezAdacKaxsuNUR6jgBzF\/view?usp=sharing\">\n\t\t\t\t\t\t\t<img loading=\"lazy\" decoding=\"async\" width=\"353\" height=\"86\" src=\"https:\/\/discovercit.org\/wp-content\/uploads\/2023\/07\/BOTON-QUIENES-PUEDEN-PARTICIPAR.png\" class=\"attachment-large size-large wp-image-11110\" alt=\"\" \/>\t\t\t\t\t\t\t\t<\/a>\n\t\t\t\t\t\t\t\t\t\t\t\t\t<\/div>\n\t\t\t\t<\/div>\n\t\t\t\t<div class=\"elementor-element elementor-element-138f13b elementor-widget elementor-widget-image\" data-id=\"138f13b\" data-element_type=\"widget\" data-widget_type=\"image.default\">\n\t\t\t\t<div class=\"elementor-widget-container\">\n\t\t\t\t\t\t\t\t\t\t\t\t\t\t<a href=\"https:\/\/drive.google.com\/file\/d\/1K38oiRLQT09Tt7MLjklsot1vu0zdj3Yl\/view?usp=sharing\">\n\t\t\t\t\t\t\t<img loading=\"lazy\" decoding=\"async\" width=\"354\" height=\"86\" src=\"https:\/\/discovercit.org\/wp-content\/uploads\/2023\/07\/BOTON-MAPA-RECINTO-FERIAL.png\" class=\"attachment-large size-large wp-image-11112\" alt=\"\" \/>\t\t\t\t\t\t\t\t<\/a>\n\t\t\t\t\t\t\t\t\t\t\t\t\t<\/div>\n\t\t\t\t<\/div>\n\t\t\t\t\t<\/div>\n\t\t<\/div>\n\t\t\t\t\t<\/div>\n\t\t<\/section>\n\t\t\t\t<\/div>\n\t\t","protected":false},"excerpt":{"rendered":"<p>\u00bfQU\u00c9 ES DISCOVER CIT? Consolidado como el evento m\u00e1s importante del TURISMO del Ecuador en la actualidad cuenta con la participaci\u00f3n de toda la industria tur\u00edstica del pa\u00eds en los [&hellip;]<\/p>\n","protected":false},"author":1,"featured_media":0,"parent":0,"menu_order":0,"comment_status":"closed","ping_status":"closed","template":"","meta":{"om_disable_all_campaigns":false,"_monsterinsights_skip_tracking":false,"_monsterinsights_sitenote_active":false,"_monsterinsights_sitenote_note":"","_monsterinsights_sitenote_category":0,"footnotes":""},"class_list":["post-7249","page","type-page","status-publish","hentry"],"aioseo_notices":[],"_links":{"self":[{"href":"https:\/\/discovercit.org\/index.php\/wp-json\/wp\/v2\/pages\/7249","targetHints":{"allow":["GET"]}}],"collection":[{"href":"https:\/\/discovercit.org\/index.php\/wp-json\/wp\/v2\/pages"}],"about":[{"href":"https:\/\/discovercit.org\/index.php\/wp-json\/wp\/v2\/types\/page"}],"author":[{"embeddable":true,"href":"https:\/\/discovercit.org\/index.php\/wp-json\/wp\/v2\/users\/1"}],"replies":[{"embeddable":true,"href":"https:\/\/discovercit.org\/index.php\/wp-json\/wp\/v2\/comments?post=7249"}],"version-history":[{"count":183,"href":"https:\/\/discovercit.org\/index.php\/wp-json\/wp\/v2\/pages\/7249\/revisions"}],"predecessor-version":[{"id":11833,"href":"https:\/\/discovercit.org\/index.php\/wp-json\/wp\/v2\/pages\/7249\/revisions\/11833"}],"wp:attachment":[{"href":"https:\/\/discovercit.org\/index.php\/wp-json\/wp\/v2\/media?parent=7249"}],"curies":[{"name":"wp","href":"https:\/\/api.w.org\/{rel}","templated":true}]}}